{"id":9,"date":"2014-11-18T19:50:39","date_gmt":"2014-11-18T19:50:39","guid":{"rendered":"http:\/\/www.famnedergaard.dk\/wordpress\/?page_id=9"},"modified":"2021-03-26T07:49:06","modified_gmt":"2021-03-26T06:49:06","slug":"oenskeseddel-2","status":"publish","type":"page","link":"https:\/\/www.famnedergaard.dk\/?page_id=9","title":{"rendered":"\u00d8nskeseddel"},"content":{"rendered":"<p>Hvad du \u00f8nsker skal du f\u00e5!<\/p>\n<p><a title=\"Martin\" href=\"https:\/\/xn--nskeskyen-k8a.dk\/share\/Hanne-Gejl-Nedergaard_martin-er-pro\">Martin<\/a><\/p>\n<p><a href=\"https:\/\/\u00f8nskeskyen.dk\/share\/Hanne-Gejl-Nedergaard_Margrethes-oenskeseddel\">Margrethe<\/a><\/p>\n<p><a title=\"Hanne\" href=\"https:\/\/\u00f8nskeskyen.dk\/share\/Hanne-Gejl-Nedergaard_Hanne-oenskeseddel\">Hanne<\/a><\/p>\n<p><a title=\"Thomas\" href=\"https:\/\/xn--nskeskyen-k8a.dk\/share\/Thomas-Nedergaard_Thomas-OEnskeseddel\">Thomas<\/a><\/p>\n\n\n<p><\/p>\n","protected":false},"excerpt":{"rendered":"<p>Hvad du \u00f8nsker skal du f\u00e5! Martin Margrethe Hanne Thomas<\/p>\n<p class=\"continue-reading-button\"> <a class=\"continue-reading-link\" href=\"https:\/\/www.famnedergaard.dk\/?page_id=9\">Continue reading<i class=\"crycon-right-dir\"><\/i><\/a><\/p>\n","protected":false},"author":1,"featured_media":0,"parent":0,"menu_order":0,"comment_status":"closed","ping_status":"closed","template":"","meta":{"footnotes":""},"class_list":["post-9","page","type-page","status-publish","hentry"],"_links":{"self":[{"href":"https:\/\/www.famnedergaard.dk\/index.php?rest_route=\/wp\/v2\/pages\/9","targetHints":{"allow":["GET"]}}],"collection":[{"href":"https:\/\/www.famnedergaard.dk\/index.php?rest_route=\/wp\/v2\/pages"}],"about":[{"href":"https:\/\/www.famnedergaard.dk\/index.php?rest_route=\/wp\/v2\/types\/page"}],"author":[{"embeddable":true,"href":"https:\/\/www.famnedergaard.dk\/index.php?rest_route=\/wp\/v2\/users\/1"}],"replies":[{"embeddable":true,"href":"https:\/\/www.famnedergaard.dk\/index.php?rest_route=%2Fwp%2Fv2%2Fcomments&post=9"}],"version-history":[{"count":10,"href":"https:\/\/www.famnedergaard.dk\/index.php?rest_route=\/wp\/v2\/pages\/9\/revisions"}],"predecessor-version":[{"id":1338,"href":"https:\/\/www.famnedergaard.dk\/index.php?rest_route=\/wp\/v2\/pages\/9\/revisions\/1338"}],"wp:attachment":[{"href":"https:\/\/www.famnedergaard.dk\/index.php?rest_route=%2Fwp%2Fv2%2Fmedia&parent=9"}],"curies":[{"name":"wp","href":"https:\/\/api.w.org\/{rel}","templated":true}]}}