{"id":862,"date":"2016-11-27T12:23:30","date_gmt":"2016-11-27T11:23:30","guid":{"rendered":"http:\/\/www.famnedergaard.dk\/wordpress\/?page_id=862"},"modified":"2016-11-27T12:23:49","modified_gmt":"2016-11-27T11:23:49","slug":"mexican-fish-wrap","status":"publish","type":"page","link":"https:\/\/www.famnedergaard.dk\/?page_id=862","title":{"rendered":"Mexican fish wrap"},"content":{"rendered":"<p class=\"p1\"><span class=\"s1\"><b>Beskrivelse:<\/b><\/span><\/p>\n<p class=\"p2\"><span class=\"s1\">Lun fiskefrikadellerne p\u00e5 en stegepande.<\/span><\/p>\n<p class=\"p2\"><span class=\"s1\">Sk\u00e6r avocadok\u00f8det i tern og dryp med citronsaft.<\/span><\/p>\n<p class=\"p2\"><span class=\"s1\">Snit salaten og for\u00e5rsl\u00f8gene fint.<\/span><\/p>\n<p class=\"p2\"><span class=\"s1\">Lun tortillas i ovnen (de skal kun have kort tid, da de nemt bliver t\u00f8rre).<\/span><\/p>\n<p class=\"p2\"><span class=\"s1\">Fordel fintsnittet salat, fiskefrikadelle i skiver eller tern, avocado, for\u00e5rsl\u00f8g, majs og salsa p\u00e5 de lune tortillas. Pak dem sammen og nyd dem straks.<\/span><\/p>\n<p class=\"p1\"><span class=\"s1\"><b>Ingredienser:<\/b><\/span><\/p>\n<p class=\"p2\"><span class=\"s1\">250 g fiskefrikadeller<\/span><\/p>\n<p class=\"p2\"><span class=\"s1\">4 wrap tortillas<\/span><\/p>\n<p class=\"p2\"><span class=\"s1\">1-2 avocadoer<\/span><\/p>\n<p class=\"p2\"><span class=\"s1\">citronsaft<\/span><\/p>\n<p class=\"p2\"><span class=\"s1\">1\/2 snittet iceberg eller anden spr\u00f8d salat<\/span><\/p>\n<p class=\"p2\"><span class=\"s1\">2 for\u00e5rsl\u00f8g<\/span><\/p>\n<p class=\"p2\"><span class=\"s1\">1 dl majs<\/span><\/p>\n<p class=\"p2\"><span class=\"s1\">4-6 spsk. salsa<\/span><\/p>\n<p class=\"p2\"><span class=\"s1\">evt. lidt creme fraiche<\/span><\/p>\n","protected":false},"excerpt":{"rendered":"<p>Beskrivelse: Lun fiskefrikadellerne p\u00e5 en stegepande. Sk\u00e6r avocadok\u00f8det i tern og dryp med citronsaft. Snit salaten og for\u00e5rsl\u00f8gene fint. Lun tortillas i ovnen (de skal kun have kort tid, da de nemt bliver t\u00f8rre). Fordel fintsnittet salat, fiskefrikadelle i skiver eller tern, avocado, for\u00e5rsl\u00f8g, majs og salsa p\u00e5 de lune &#8230;<\/p>\n<p class=\"continue-reading-button\"> <a class=\"continue-reading-link\" href=\"https:\/\/www.famnedergaard.dk\/?page_id=862\">Continue reading<i class=\"crycon-right-dir\"><\/i><\/a><\/p>\n","protected":false},"author":1,"featured_media":0,"parent":859,"menu_order":0,"comment_status":"closed","ping_status":"closed","template":"","meta":{"footnotes":""},"class_list":["post-862","page","type-page","status-publish","hentry"],"_links":{"self":[{"href":"https:\/\/www.famnedergaard.dk\/index.php?rest_route=\/wp\/v2\/pages\/862","targetHints":{"allow":["GET"]}}],"collection":[{"href":"https:\/\/www.famnedergaard.dk\/index.php?rest_route=\/wp\/v2\/pages"}],"about":[{"href":"https:\/\/www.famnedergaard.dk\/index.php?rest_route=\/wp\/v2\/types\/page"}],"author":[{"embeddable":true,"href":"https:\/\/www.famnedergaard.dk\/index.php?rest_route=\/wp\/v2\/users\/1"}],"replies":[{"embeddable":true,"href":"https:\/\/www.famnedergaard.dk\/index.php?rest_route=%2Fwp%2Fv2%2Fcomments&post=862"}],"version-history":[{"count":1,"href":"https:\/\/www.famnedergaard.dk\/index.php?rest_route=\/wp\/v2\/pages\/862\/revisions"}],"predecessor-version":[{"id":863,"href":"https:\/\/www.famnedergaard.dk\/index.php?rest_route=\/wp\/v2\/pages\/862\/revisions\/863"}],"up":[{"embeddable":true,"href":"https:\/\/www.famnedergaard.dk\/index.php?rest_route=\/wp\/v2\/pages\/859"}],"wp:attachment":[{"href":"https:\/\/www.famnedergaard.dk\/index.php?rest_route=%2Fwp%2Fv2%2Fmedia&parent=862"}],"curies":[{"name":"wp","href":"https:\/\/api.w.org\/{rel}","templated":true}]}}